{"id":102,"date":"2021-05-23T12:54:21","date_gmt":"2021-05-23T05:54:21","guid":{"rendered":"https:\/\/congdongvimach.vn\/home-2\/"},"modified":"2023-09-27T15:33:39","modified_gmt":"2023-09-27T08:33:39","slug":"home","status":"publish","type":"page","link":"https:\/\/congdongvimach.vn\/en_us\/","title":{"rendered":"Home"},"content":{"rendered":"\n<div class=\"wp-block-themeisle-blocks-advanced-columns alignfull has-1-columns has-desktop-equal-layout has-tablet-equal-layout has-mobile-equal-layout has-default-gap has-vertical-center\" id=\"wp-block-themeisle-blocks-advanced-columns-d26b6b4e\"><div class=\"wp-block-themeisle-blocks-advanced-columns-overlay\"><\/div><div class=\"innerblocks-wrap\">\n<div class=\"wp-block-themeisle-blocks-advanced-column\" id=\"wp-block-themeisle-blocks-advanced-column-bc8f6b49\">\n<h1 class=\"has-text-align-center has-white-color has-text-color\">SEMICONDUCTOR IS THE KEY OF FUTURE DEVELOPMENT<\/h1>\n\n\n\n<h2 id=\"wp-block-themeisle-blocks-advanced-heading-80a72343\" class=\"wp-block-themeisle-blocks-advanced-heading wp-block-themeisle-blocks-advanced-heading-80a72343\">VI M\u1ea0CH VI\u1ec6T NAM C\u1ed0 L\u00caN!<\/h2>\n<\/div>\n<\/div><\/div>\n\n\n\n<div class=\"wp-block-themeisle-blocks-advanced-columns alignfull has-1-columns has-desktop-equal-layout has-tablet-equal-layout has-mobile-equal-layout has-default-gap has-vertical-unset\" id=\"wp-block-themeisle-blocks-advanced-columns-8a506fc7\"><div class=\"wp-block-themeisle-blocks-advanced-columns-overlay\"><\/div><div class=\"innerblocks-wrap\">\n<div class=\"wp-block-themeisle-blocks-advanced-column\" id=\"wp-block-themeisle-blocks-advanced-column-b3c846e4\">\n<h2 class=\"has-text-align-center\">THANK YOU FOR VISITING US!<\/h2>\n\n\n\n<p class=\"has-text-align-center\">Let take a tour and find your valuable knowledge. Most valuable things and active discussion is in our forum<\/p>\n<\/div>\n<\/div><\/div>\n\n\n\n<div class=\"wp-block-themeisle-blocks-advanced-columns alignfull has-3-columns has-desktop-equal-layout has-tablet-equal-layout has-mobile-collapsedRows-layout has-default-gap has-vertical-unset\" id=\"wp-block-themeisle-blocks-advanced-columns-91023ba9\"><div class=\"wp-block-themeisle-blocks-advanced-columns-overlay\"><\/div><div class=\"innerblocks-wrap\">\n<div class=\"wp-block-themeisle-blocks-advanced-column\" id=\"wp-block-themeisle-blocks-advanced-column-71484aac\">\n<p class=\"wp-block-themeisle-blocks-font-awesome-icons\" id=\"wp-block-themeisle-blocks-font-awesome-icons-29583e4b\"><span class=\"wp-block-themeisle-blocks-font-awesome-icons-container\"><a href=\"congdongvimach.vn\/forums\" target=\"_self\" rel=\"noopener noreferrer\"><i class=\"fab fa-forumbee\"><\/i><\/a><\/span><\/p>\n\n\n\n<h5 id=\"wp-block-themeisle-blocks-advanced-heading-e50a9371\" class=\"wp-block-themeisle-blocks-advanced-heading wp-block-themeisle-blocks-advanced-heading-e50a9371\"> DISCUSSION FORUM<\/h5>\n\n\n\n<p class=\"has-text-align-center has-link-color-color has-text-color\" style=\"font-size:14px\">You can find many knowledge and topic relating to semiconductor from front-end design, back-end design, and also software development.<br><\/p>\n<\/div>\n\n\n\n<div class=\"wp-block-themeisle-blocks-advanced-column\" id=\"wp-block-themeisle-blocks-advanced-column-a0079089\">\n<p class=\"wp-block-themeisle-blocks-font-awesome-icons\" id=\"wp-block-themeisle-blocks-font-awesome-icons-aa43b7d9\"><span class=\"wp-block-themeisle-blocks-font-awesome-icons-container\"><a href=\"https:\/\/www.facebook.com\/groups\/vimachvn\" target=\"_blank\" rel=\"noopener noreferrer\"><i class=\"fab fa-facebook\"><\/i><\/a><\/span><\/p>\n\n\n\n<h5 id=\"wp-block-themeisle-blocks-advanced-heading-7964a169\" class=\"wp-block-themeisle-blocks-advanced-heading wp-block-themeisle-blocks-advanced-heading-7964a169\">FACEBOOK GROUP<\/h5>\n\n\n\n<p class=\"has-text-align-center has-link-color-color has-text-color\" style=\"font-size:14px\">Daily discussion in simple text format but easy to launch and react.<\/p>\n<\/div>\n\n\n\n<div class=\"wp-block-themeisle-blocks-advanced-column\" id=\"wp-block-themeisle-blocks-advanced-column-3ad7ac1c\">\n<p class=\"wp-block-themeisle-blocks-font-awesome-icons\" id=\"wp-block-themeisle-blocks-font-awesome-icons-3f5f9531\"><span class=\"wp-block-themeisle-blocks-font-awesome-icons-container\"><a href=\"https:\/\/congdongvimach.vn\/presses\/\" target=\"_self\" rel=\"noopener noreferrer\"><i class=\"fas fa-newspaper\"><\/i><\/a><\/span><\/p>\n\n\n\n<h5 id=\"wp-block-themeisle-blocks-advanced-heading-68f9f4b6\" class=\"wp-block-themeisle-blocks-advanced-heading wp-block-themeisle-blocks-advanced-heading-68f9f4b6\">TECH UPDATE<\/h5>\n\n\n\n<p class=\"has-text-align-center has-link-color-color has-text-color\" style=\"font-size:14px\">Latest technology from all over the world will be captured and share to our members so that we are all together up-to-date with this field.<br><\/p>\n<\/div>\n<\/div><\/div>\n\n\n\n<div class=\"wp-block-themeisle-blocks-advanced-columns alignfull has-1-columns has-desktop-equal-layout has-tablet-equal-layout has-mobile-equal-layout has-default-gap has-vertical-unset\" id=\"wp-block-themeisle-blocks-advanced-columns-d8142c6e\"><div class=\"wp-block-themeisle-blocks-advanced-columns-overlay\"><\/div><div class=\"innerblocks-wrap\">\n<div class=\"wp-block-themeisle-blocks-advanced-column\" id=\"wp-block-themeisle-blocks-advanced-column-5c38f6b1\">\n<p class=\"has-nv-site-bg-color has-text-color has-large-font-size\">Most recent tech-presses from our site for your coffee time!<\/p>\n\n\n<div class=\"wp-block-themeisle-blocks-posts-grid is-grid wp-block-themeisle-blocks-posts-grid-columns-3 has-shadow\"><div class=\"wp-block-themeisle-blocks-posts-grid-post-blog wp-block-themeisle-blocks-posts-grid-post-plain\"><div class=\"wp-block-themeisle-blocks-posts-grid-post\"><div class=\"wp-block-themeisle-blocks-posts-grid-post-body is-full\"><h3 class=\"wp-block-themeisle-blocks-posts-grid-post-title\"><a href=\"https:\/\/congdongvimach.vn\/en_us\/2021\/10\/mot-so-y-kien-de-xuat-phat-trien-vi-mach-quoc-gia\/\">M\u1ed9t s\u1ed1 \u00fd ki\u1ebfn, \u0111\u1ec1 xu\u1ea5t ph\u00e1t tri\u1ec3n vi m\u1ea1ch qu\u1ed1c gia<\/a><\/h3><\/div><\/div><\/div><div class=\"wp-block-themeisle-blocks-posts-grid-post-blog wp-block-themeisle-blocks-posts-grid-post-plain\"><div class=\"wp-block-themeisle-blocks-posts-grid-post\"><div class=\"wp-block-themeisle-blocks-posts-grid-post-body is-full\"><h3 class=\"wp-block-themeisle-blocks-posts-grid-post-title\"><a href=\"https:\/\/congdongvimach.vn\/en_us\/2021\/08\/di-tim-nguyen-nhan-tinh-trang-thieu-hut-chip-toan-cau-va-co-hoi-cho-nganh-dien-tu-ban-dan-viet-nam\/\">\u0110i t\u00ecm nguy\u00ean nh\u00e2n t\u00ecnh tr\u1ea1ng thi\u1ebfu h\u1ee5t chip to\u00e0n c\u1ea7u v\u00e0 c\u01a1 h\u1ed9i cho ng\u00e0nh \u0111i\u1ec7n t\u1eed b\u00e1n d\u1eabn Vi\u1ec7t Nam<\/a><\/h3><\/div><\/div><\/div><div class=\"wp-block-themeisle-blocks-posts-grid-post-blog wp-block-themeisle-blocks-posts-grid-post-plain\"><div class=\"wp-block-themeisle-blocks-posts-grid-post\"><div class=\"wp-block-themeisle-blocks-posts-grid-post-body is-full\"><h3 class=\"wp-block-themeisle-blocks-posts-grid-post-title\"><a href=\"https:\/\/congdongvimach.vn\/en_us\/2021\/07\/great-opportunity-for-vietnams-semiconductor-industry\/\">Great opportunity for Vietnam&#8217;s semiconductor industry<\/a><\/h3><\/div><\/div><\/div><\/div><\/div>\n<\/div><\/div>\n\n\n\n<div class=\"wp-block-themeisle-blocks-advanced-columns alignfull has-1-columns has-desktop-equal-layout has-tablet-equal-layout has-mobile-equal-layout has-default-gap has-vertical-unset\" id=\"wp-block-themeisle-blocks-advanced-columns-8832330b\"><div class=\"wp-block-themeisle-blocks-advanced-columns-overlay\"><\/div><div class=\"innerblocks-wrap\">\n<div class=\"wp-block-themeisle-blocks-advanced-column\" id=\"wp-block-themeisle-blocks-advanced-column-b84eb7cd\">\n<h2 class=\"has-text-align-center has-neve-text-color-color has-text-color\">DISCOVER THE SEMICONDUCTOR WORLD WITH US<\/h2>\n<\/div>\n<\/div><\/div>\n\n\n\n<div class=\"wp-block-themeisle-blocks-advanced-columns alignfull has-2-columns has-desktop-equal-layout has-tablet-equal-layout has-mobile-collapsedRows-layout has-default-gap has-vertical-unset\" id=\"wp-block-themeisle-blocks-advanced-columns-b9085f4f\"><div class=\"wp-block-themeisle-blocks-advanced-columns-overlay\"><\/div><div class=\"innerblocks-wrap\">\n<div class=\"wp-block-themeisle-blocks-advanced-column\" id=\"wp-block-themeisle-blocks-advanced-column-f5da1e50\">\n<p class=\"has-nv-site-bg-color has-text-color\" style=\"font-size:45px\">Vietnam Semiconductor has nearly 20 years successfully developing and growing <\/p>\n<\/div>\n\n\n\n<div class=\"wp-block-themeisle-blocks-advanced-column\" id=\"wp-block-themeisle-blocks-advanced-column-86ed024e\">\n<p class=\"has-nv-site-bg-color has-text-color\">Vietnam\u2019s semiconductor industry is expected to reach US$6 billion by 2021 but still lags behind other Southeast Asian countries due to limited integrated circuit (IC) fabrication supply. While IC fabrication is still in its infancy, the design side is well developed with around 20 companies offering product design services.<\/p>\n\n\n\n<p class=\"has-nv-site-bg-color has-text-color\">Businesses investing in the semiconductor industry are eligible for preferential incentives such as zero percent corporate income tax for the first four years, followed by 5 percent in the next nine years, and 10 percent in the next 15 years as opposed to the standard rate of 20 percent. In addition, industrial parks will fund 10 to 15 percent of training costs for companies in the semiconductor industry.<\/p>\n\n\n\n<p class=\"has-nv-site-bg-color has-text-color\">The industry is dominated by foreign players from design to production. Major player are Renesas, Synopsys, Ampere Computing, Coasia, Intel, Samsung, among others and still expanding.<\/p>\n<\/div>\n<\/div><\/div>\n\n\n\n<div class=\"wp-block-themeisle-blocks-advanced-columns alignfull has-1-columns has-desktop-equal-layout has-tablet-equal-layout has-mobile-equal-layout has-default-gap has-vertical-unset\" id=\"wp-block-themeisle-blocks-advanced-columns-018a430b\"><div class=\"wp-block-themeisle-blocks-advanced-columns-overlay\"><\/div><div class=\"innerblocks-wrap\">\n<div class=\"wp-block-themeisle-blocks-advanced-column\" id=\"wp-block-themeisle-blocks-advanced-column-30ed2d0d\">\n<h1 class=\"has-text-align-center has-neve-text-color-color has-text-color\">MEET OUR EXPERTS<\/h1>\n\n\n\n<p class=\"has-text-align-center has-neve-text-color-color has-text-color\">They are the people working to provide you the best experiences.<\/p>\n<\/div>\n<\/div><\/div>\n\n\n\n<div class=\"wp-block-themeisle-blocks-advanced-columns alignfull has-4-columns has-desktop-equal-layout has-tablet-equal-layout has-mobile-collapsedRows-layout has-default-gap has-vertical-unset\" id=\"wp-block-themeisle-blocks-advanced-columns-f26516f1\"><div class=\"wp-block-themeisle-blocks-advanced-columns-overlay\"><\/div><div class=\"innerblocks-wrap\">\n<div class=\"wp-block-themeisle-blocks-advanced-column\" id=\"wp-block-themeisle-blocks-advanced-column-5fbf5159\">\n<div class=\"wp-block-image is-style-rounded\"><figure class=\"aligncenter size-full is-resized\"><img loading=\"lazy\" src=\"https:\/\/i0.wp.com\/congdongvimach.vn\/wp-content\/uploads\/2021\/08\/Expert_Photo_Yen.jpg?resize=150%2C150&#038;ssl=1\" alt=\"\" class=\"wp-image-509\" width=\"150\" height=\"150\" srcset=\"https:\/\/i0.wp.com\/congdongvimach.vn\/wp-content\/uploads\/2021\/08\/Expert_Photo_Yen.jpg?w=400&amp;ssl=1 400w, https:\/\/i0.wp.com\/congdongvimach.vn\/wp-content\/uploads\/2021\/08\/Expert_Photo_Yen.jpg?resize=300%2C300&amp;ssl=1 300w, https:\/\/i0.wp.com\/congdongvimach.vn\/wp-content\/uploads\/2021\/08\/Expert_Photo_Yen.jpg?resize=150%2C150&amp;ssl=1 150w\" sizes=\"(max-width: 150px) 100vw, 150px\" data-recalc-dims=\"1\" \/><\/figure><\/div>\n\n\n\n<h5 id=\"wp-block-themeisle-blocks-advanced-heading-556350ba\" class=\"wp-block-themeisle-blocks-advanced-heading wp-block-themeisle-blocks-advanced-heading-556350ba\">NGUYEN THANH YEN<\/h5>\n\n\n\n<p class=\"has-text-align-center has-neve-text-color-color has-text-color has-small-font-size\">Analog Mix Signal Expert<\/p>\n\n\n\n<p class=\"has-text-align-center has-neve-text-color-color has-text-color has-small-font-size\">CoAsia &#8211; Hanoi<\/p>\n<\/div>\n\n\n\n<div class=\"wp-block-themeisle-blocks-advanced-column\" id=\"wp-block-themeisle-blocks-advanced-column-38438e59\">\n<div class=\"wp-block-image is-style-circle-mask is-style-default\"><figure class=\"aligncenter size-full is-resized\"><img loading=\"lazy\" src=\"https:\/\/i1.wp.com\/congdongvimach.vn\/wp-content\/uploads\/2021\/08\/Expert_Photo_BAnh.jpg?resize=150%2C150&#038;ssl=1\" alt=\"\" class=\"wp-image-508\" width=\"150\" height=\"150\" srcset=\"https:\/\/i1.wp.com\/congdongvimach.vn\/wp-content\/uploads\/2021\/08\/Expert_Photo_BAnh.jpg?w=400&amp;ssl=1 400w, https:\/\/i1.wp.com\/congdongvimach.vn\/wp-content\/uploads\/2021\/08\/Expert_Photo_BAnh.jpg?resize=300%2C300&amp;ssl=1 300w, https:\/\/i1.wp.com\/congdongvimach.vn\/wp-content\/uploads\/2021\/08\/Expert_Photo_BAnh.jpg?resize=150%2C150&amp;ssl=1 150w\" sizes=\"(max-width: 150px) 100vw, 150px\" data-recalc-dims=\"1\" \/><\/figure><\/div>\n\n\n\n<h5 id=\"wp-block-themeisle-blocks-advanced-heading-f72ee976\" class=\"wp-block-themeisle-blocks-advanced-heading wp-block-themeisle-blocks-advanced-heading-f72ee976\">NGUYEN BAO ANH<\/h5>\n\n\n\n<p class=\"has-text-align-center has-small-font-size\">Analog Mix Signal Implementation Expert<\/p>\n\n\n\n<p class=\"has-text-align-center has-neve-text-color-color has-text-color has-small-font-size\">Synopsys &#8211; Da Nang<\/p>\n<\/div>\n\n\n\n<div class=\"wp-block-themeisle-blocks-advanced-column\" id=\"wp-block-themeisle-blocks-advanced-column-ce42c030\">\n<div class=\"wp-block-group\"><div class=\"wp-block-group__inner-container\">\n<div class=\"wp-block-image is-style-rounded\"><figure class=\"aligncenter size-full is-resized\"><img loading=\"lazy\" src=\"https:\/\/i1.wp.com\/congdongvimach.vn\/wp-content\/uploads\/2021\/08\/Expert_Photo_Vinh.jpg?resize=150%2C150&#038;ssl=1\" alt=\"\" class=\"wp-image-510\" width=\"150\" height=\"150\" srcset=\"https:\/\/i1.wp.com\/congdongvimach.vn\/wp-content\/uploads\/2021\/08\/Expert_Photo_Vinh.jpg?w=400&amp;ssl=1 400w, https:\/\/i1.wp.com\/congdongvimach.vn\/wp-content\/uploads\/2021\/08\/Expert_Photo_Vinh.jpg?resize=300%2C300&amp;ssl=1 300w, https:\/\/i1.wp.com\/congdongvimach.vn\/wp-content\/uploads\/2021\/08\/Expert_Photo_Vinh.jpg?resize=150%2C150&amp;ssl=1 150w\" sizes=\"(max-width: 150px) 100vw, 150px\" data-recalc-dims=\"1\" \/><\/figure><\/div>\n<\/div><\/div>\n\n\n\n<h5 id=\"wp-block-themeisle-blocks-advanced-heading-a11ed3f2\" class=\"wp-block-themeisle-blocks-advanced-heading wp-block-themeisle-blocks-advanced-heading-a11ed3f2\">NGUYEN PHUC VINH<\/h5>\n\n\n\n<p class=\"has-text-align-center has-neve-text-color-color has-text-color has-small-font-size\">Physical Design Expert<\/p>\n\n\n\n<p class=\"has-text-align-center has-neve-text-color-color has-text-color has-small-font-size\">Ampere &#8211; Ho Chi Minh<\/p>\n<\/div>\n\n\n\n<div class=\"wp-block-themeisle-blocks-advanced-column\" id=\"wp-block-themeisle-blocks-advanced-column-a94d2842\">\n<div class=\"wp-block-image is-style-circle-mask\"><figure class=\"aligncenter size-full is-resized\"><img loading=\"lazy\" src=\"https:\/\/i2.wp.com\/congdongvimach.vn\/wp-content\/uploads\/2021\/08\/Expert_Photo_Hai.jpg?resize=150%2C150&#038;ssl=1\" alt=\"\" class=\"wp-image-511\" width=\"150\" height=\"150\" srcset=\"https:\/\/i2.wp.com\/congdongvimach.vn\/wp-content\/uploads\/2021\/08\/Expert_Photo_Hai.jpg?w=400&amp;ssl=1 400w, https:\/\/i2.wp.com\/congdongvimach.vn\/wp-content\/uploads\/2021\/08\/Expert_Photo_Hai.jpg?resize=300%2C300&amp;ssl=1 300w, https:\/\/i2.wp.com\/congdongvimach.vn\/wp-content\/uploads\/2021\/08\/Expert_Photo_Hai.jpg?resize=150%2C150&amp;ssl=1 150w\" sizes=\"(max-width: 150px) 100vw, 150px\" data-recalc-dims=\"1\" \/><\/figure><\/div>\n\n\n\n<h5 id=\"wp-block-themeisle-blocks-advanced-heading-f1627701\" class=\"wp-block-themeisle-blocks-advanced-heading wp-block-themeisle-blocks-advanced-heading-f1627701\"> NGUYEN VU HAI <\/h5>\n\n\n\n<p class=\"has-text-align-center has-small-font-size\">Front End Design Expert<\/p>\n\n\n\n<p class=\"has-text-align-center has-small-font-size\">Renesas &#8211; Ho Chi Minh<\/p>\n<\/div>\n<\/div><\/div>\n\n\n\n<div class=\"wp-block-themeisle-blocks-advanced-columns alignfull has-1-columns has-desktop-equal-layout has-tablet-equal-layout has-mobile-equal-layout has-default-gap has-vertical-unset\" id=\"wp-block-themeisle-blocks-advanced-columns-02b6a962\"><div class=\"wp-block-themeisle-blocks-advanced-columns-overlay\"><\/div><div class=\"innerblocks-wrap\">\n<div class=\"wp-block-themeisle-blocks-advanced-column\" id=\"wp-block-themeisle-blocks-advanced-column-b0f59dbe\">\n<h2 class=\"has-text-align-center has-white-color has-text-color\">HAPPY MEMORIES FROM OUR COMMUNITY<\/h2>\n\n\n\n<p class=\"has-text-align-center has-white-color has-text-color\"><\/p>\n<\/div>\n<\/div><\/div>\n\n\n\n<p><\/p>\n","protected":false},"excerpt":{"rendered":"","protected":false},"author":1,"featured_media":0,"parent":0,"menu_order":0,"comment_status":"closed","ping_status":"closed","template":"page-templates\/template-pagebuilder-full-width.php","meta":{"_bbp_topic_count":0,"_bbp_reply_count":0,"_bbp_total_topic_count":0,"_bbp_total_reply_count":0,"_bbp_voice_count":0,"_bbp_anonymous_reply_count":0,"_bbp_topic_count_hidden":0,"_bbp_reply_count_hidden":0,"_bbp_forum_subforum_count":0,"neve_meta_sidebar":"","neve_meta_container":"contained","neve_meta_enable_content_width":"on","neve_meta_content_width":80,"neve_meta_title_alignment":"center","neve_meta_author_avatar":"","neve_post_elements_order":"","neve_meta_disable_header":"","neve_meta_disable_footer":"","neve_meta_disable_title":"","_ti_tpc_template_sync":false,"_ti_tpc_template_id":"","spay_email":""},"yoast_head":"<!-- This site is optimized with the Yoast SEO plugin v17.8 - https:\/\/yoast.com\/wordpress\/plugins\/seo\/ -->\n<title>Home - C\u1ed9ng \u0110\u1ed3ng Vi M\u1ea1ch Vi\u1ec7t Nam<\/title>\n<meta name=\"robots\" content=\"index, follow, max-snippet:-1, max-image-preview:large, max-video-preview:-1\" \/>\n<link rel=\"canonical\" href=\"https:\/\/congdongvimach.vn\/en_us\/\" \/>\n<meta property=\"og:locale\" content=\"en_US\" \/>\n<meta property=\"og:type\" content=\"article\" \/>\n<meta property=\"og:title\" content=\"Home - C\u1ed9ng \u0110\u1ed3ng Vi M\u1ea1ch Vi\u1ec7t Nam\" \/>\n<meta property=\"og:url\" content=\"https:\/\/congdongvimach.vn\/en_us\/\" \/>\n<meta property=\"og:site_name\" content=\"C\u1ed9ng \u0110\u1ed3ng Vi M\u1ea1ch Vi\u1ec7t Nam\" \/>\n<meta property=\"article:modified_time\" content=\"2023-09-27T08:33:39+00:00\" \/>\n<meta property=\"og:image\" content=\"https:\/\/congdongvimach.vn\/wp-content\/uploads\/2021\/08\/Expert_Photo_Yen.jpg\" \/>\n<meta name=\"twitter:card\" content=\"summary_large_image\" \/>\n<meta name=\"twitter:label1\" content=\"Est. reading time\" \/>\n\t<meta name=\"twitter:data1\" content=\"3 minutes\" \/>\n<script type=\"application\/ld+json\" class=\"yoast-schema-graph\">{\"@context\":\"https:\/\/schema.org\",\"@graph\":[{\"@type\":\"WebSite\",\"@id\":\"https:\/\/congdongvimach.vn\/en_us\/#website\",\"url\":\"https:\/\/congdongvimach.vn\/en_us\/\",\"name\":\"C\\u1ed9ng \\u0110\\u1ed3ng Vi M\\u1ea1ch Vi\\u1ec7t Nam\",\"description\":\"N\\u01a1i chia s\\u1ebb ki\\u1ebfn th\\u1ee9c kinh nghi\\u1ec7m vi m\\u1ea1ch Vi\\u1ec7t Nam\",\"potentialAction\":[{\"@type\":\"SearchAction\",\"target\":{\"@type\":\"EntryPoint\",\"urlTemplate\":\"https:\/\/congdongvimach.vn\/en_us\/?s={search_term_string}\"},\"query-input\":\"required name=search_term_string\"}],\"inLanguage\":\"en-US\"},{\"@type\":\"ImageObject\",\"@id\":\"https:\/\/congdongvimach.vn\/#primaryimage\",\"inLanguage\":\"en-US\",\"url\":\"https:\/\/i0.wp.com\/congdongvimach.vn\/wp-content\/uploads\/2021\/08\/Expert_Photo_Yen.jpg?fit=400%2C400&ssl=1\",\"contentUrl\":\"https:\/\/i0.wp.com\/congdongvimach.vn\/wp-content\/uploads\/2021\/08\/Expert_Photo_Yen.jpg?fit=400%2C400&ssl=1\",\"width\":400,\"height\":400},{\"@type\":\"WebPage\",\"@id\":\"https:\/\/congdongvimach.vn\/#webpage\",\"url\":\"https:\/\/congdongvimach.vn\/\",\"name\":\"Home - C\\u1ed9ng \\u0110\\u1ed3ng Vi M\\u1ea1ch Vi\\u1ec7t Nam\",\"isPartOf\":{\"@id\":\"https:\/\/congdongvimach.vn\/en_us\/#website\"},\"primaryImageOfPage\":{\"@id\":\"https:\/\/congdongvimach.vn\/#primaryimage\"},\"datePublished\":\"2021-05-23T05:54:21+00:00\",\"dateModified\":\"2023-09-27T08:33:39+00:00\",\"breadcrumb\":{\"@id\":\"https:\/\/congdongvimach.vn\/#breadcrumb\"},\"inLanguage\":\"en-US\",\"potentialAction\":[{\"@type\":\"ReadAction\",\"target\":[\"https:\/\/congdongvimach.vn\/\"]}]},{\"@type\":\"BreadcrumbList\",\"@id\":\"https:\/\/congdongvimach.vn\/#breadcrumb\",\"itemListElement\":[{\"@type\":\"ListItem\",\"position\":1,\"name\":\"Home\",\"item\":\"https:\/\/congdongvimach.vn\/\"},{\"@type\":\"ListItem\",\"position\":2,\"name\":\"Home\"}]}]}<\/script>\n<!-- \/ Yoast SEO plugin. -->","yoast_head_json":{"title":"Home - C\u1ed9ng \u0110\u1ed3ng Vi M\u1ea1ch Vi\u1ec7t Nam","robots":{"index":"index","follow":"follow","max-snippet":"max-snippet:-1","max-image-preview":"max-image-preview:large","max-video-preview":"max-video-preview:-1"},"canonical":"https:\/\/congdongvimach.vn\/en_us\/","og_locale":"en_US","og_type":"article","og_title":"Home - C\u1ed9ng \u0110\u1ed3ng Vi M\u1ea1ch Vi\u1ec7t Nam","og_url":"https:\/\/congdongvimach.vn\/en_us\/","og_site_name":"C\u1ed9ng \u0110\u1ed3ng Vi M\u1ea1ch Vi\u1ec7t Nam","article_modified_time":"2023-09-27T08:33:39+00:00","og_image":[{"url":"https:\/\/congdongvimach.vn\/wp-content\/uploads\/2021\/08\/Expert_Photo_Yen.jpg"}],"twitter_card":"summary_large_image","twitter_misc":{"Est. reading time":"3 minutes"},"schema":{"@context":"https:\/\/schema.org","@graph":[{"@type":"WebSite","@id":"https:\/\/congdongvimach.vn\/en_us\/#website","url":"https:\/\/congdongvimach.vn\/en_us\/","name":"C\u1ed9ng \u0110\u1ed3ng Vi M\u1ea1ch Vi\u1ec7t Nam","description":"N\u01a1i chia s\u1ebb ki\u1ebfn th\u1ee9c kinh nghi\u1ec7m vi m\u1ea1ch Vi\u1ec7t Nam","potentialAction":[{"@type":"SearchAction","target":{"@type":"EntryPoint","urlTemplate":"https:\/\/congdongvimach.vn\/en_us\/?s={search_term_string}"},"query-input":"required name=search_term_string"}],"inLanguage":"en-US"},{"@type":"ImageObject","@id":"https:\/\/congdongvimach.vn\/#primaryimage","inLanguage":"en-US","url":"https:\/\/i0.wp.com\/congdongvimach.vn\/wp-content\/uploads\/2021\/08\/Expert_Photo_Yen.jpg?fit=400%2C400&ssl=1","contentUrl":"https:\/\/i0.wp.com\/congdongvimach.vn\/wp-content\/uploads\/2021\/08\/Expert_Photo_Yen.jpg?fit=400%2C400&ssl=1","width":400,"height":400},{"@type":"WebPage","@id":"https:\/\/congdongvimach.vn\/#webpage","url":"https:\/\/congdongvimach.vn\/","name":"Home - C\u1ed9ng \u0110\u1ed3ng Vi M\u1ea1ch Vi\u1ec7t Nam","isPartOf":{"@id":"https:\/\/congdongvimach.vn\/en_us\/#website"},"primaryImageOfPage":{"@id":"https:\/\/congdongvimach.vn\/#primaryimage"},"datePublished":"2021-05-23T05:54:21+00:00","dateModified":"2023-09-27T08:33:39+00:00","breadcrumb":{"@id":"https:\/\/congdongvimach.vn\/#breadcrumb"},"inLanguage":"en-US","potentialAction":[{"@type":"ReadAction","target":["https:\/\/congdongvimach.vn\/"]}]},{"@type":"BreadcrumbList","@id":"https:\/\/congdongvimach.vn\/#breadcrumb","itemListElement":[{"@type":"ListItem","position":1,"name":"Home","item":"https:\/\/congdongvimach.vn\/"},{"@type":"ListItem","position":2,"name":"Home"}]}]}},"jetpack-related-posts":[],"_links":{"self":[{"href":"https:\/\/congdongvimach.vn\/en_us\/wp-json\/wp\/v2\/pages\/102"}],"collection":[{"href":"https:\/\/congdongvimach.vn\/en_us\/wp-json\/wp\/v2\/pages"}],"about":[{"href":"https:\/\/congdongvimach.vn\/en_us\/wp-json\/wp\/v2\/types\/page"}],"author":[{"embeddable":true,"href":"https:\/\/congdongvimach.vn\/en_us\/wp-json\/wp\/v2\/users\/1"}],"replies":[{"embeddable":true,"href":"https:\/\/congdongvimach.vn\/en_us\/wp-json\/wp\/v2\/comments?post=102"}],"version-history":[{"count":35,"href":"https:\/\/congdongvimach.vn\/en_us\/wp-json\/wp\/v2\/pages\/102\/revisions"}],"predecessor-version":[{"id":635,"href":"https:\/\/congdongvimach.vn\/en_us\/wp-json\/wp\/v2\/pages\/102\/revisions\/635"}],"wp:attachment":[{"href":"https:\/\/congdongvimach.vn\/en_us\/wp-json\/wp\/v2\/media?parent=102"}],"curies":[{"name":"wp","href":"https:\/\/api.w.org\/{rel}","templated":true}]}}